{"id":2253,"date":"2016-06-28T20:55:20","date_gmt":"2016-06-28T19:55:20","guid":{"rendered":"https:\/\/www.eem.ca\/fr\/?page_id=2253"},"modified":"2019-07-04T19:42:40","modified_gmt":"2019-07-04T18:42:40","slug":"collaborateurs","status":"publish","type":"page","link":"https:\/\/www.eem.ca\/fr\/equipe\/collaborateurs\/","title":{"rendered":"Nos collaborateurs"},"content":{"rendered":"<p class=\"p1\"><span class=\"s1\">Le r\u00e9seau de collaborateurs professionnels d\u2019EEM \u00e9tend nos capacit\u00e9s et vous permet de profiter des experts dans diverses disciplines compl\u00e9mentaires. Parmi celles-ci, notons la biologie, les communications, le d\u00e9veloppement communautaire, l\u2019ing\u00e9nierie, le droit et la gestion durable.\u00a0<\/span><\/p>\n<p class=\"p3\"><span class=\"TextRun SCX8143614\" lang=\"FR-CA\" xml:lang=\"FR-CA\"><span class=\"NormalTextRun SCX8143614\">Tous nos collaborateurs <\/span><\/span><span class=\"TextRun SCX8143614\" lang=\"FR-CA\" xml:lang=\"FR-CA\"><span class=\"NormalTextRun SCX8143614\">entretiennent <\/span><\/span><span class=\"TextRun SCX8143614\" lang=\"FR-CA\" xml:lang=\"FR-CA\"><span class=\"NormalTextRun SCX8143614\">une relation de longue date avec EEM et leurs contributions sont <\/span><\/span><span class=\"TextRun SCX8143614\" lang=\"FR-CA\" xml:lang=\"FR-CA\"><span class=\"NormalTextRun SCX8143614\">essentielles \u00e0 notre offre de service. <\/span><\/span><span class=\"TextRun SCX8143614\" lang=\"FR-CA\" xml:lang=\"FR-CA\"><span class=\"NormalTextRun SCX8143614\">Tous nos collaborateurs sont <\/span><\/span><span class=\"TextRun SCX8143614\" lang=\"FR-CA\" xml:lang=\"FR-CA\"><span class=\"NormalTextRun SCX8143614\">bilingues<\/span><\/span><span class=\"TextRun SCX8143614\" lang=\"FR-CA\" xml:lang=\"FR-CA\"><span class=\"NormalTextRun SCX8143614\"> et<\/span><\/span><span class=\"TextRun SCX8143614\" lang=\"FR-CA\" xml:lang=\"FR-CA\"><span class=\"NormalTextRun SCX8143614\"> plusieurs <\/span><\/span><span class=\"TextRun SCX8143614\" lang=\"FR-CA\" xml:lang=\"FR-CA\"><span class=\"NormalTextRun SCX8143614\">ma\u00eetrisent<\/span><\/span><span class=\"TextRun SCX8143614\" lang=\"FR-CA\" xml:lang=\"FR-CA\"><span class=\"NormalTextRun SCX8143614\"> une troisi\u00e8me langue<\/span><\/span><span class=\"TextRun SCX8143614\" lang=\"FR-CA\" xml:lang=\"FR-CA\"><span class=\"NormalTextRun SCX8143614\">.<\/span><\/span><\/p>\n","protected":false},"excerpt":{"rendered":"<p>Le r\u00e9seau de collaborateurs professionnels d\u2019EEM \u00e9tend nos capacit\u00e9s et vous permet de profiter des experts dans diverses disciplines compl\u00e9mentaires. [&hellip;]<\/p>\n","protected":false},"author":12,"featured_media":0,"parent":2372,"menu_order":0,"comment_status":"closed","ping_status":"closed","template":"page-associates.php","meta":{"_acf_changed":false,"footnotes":""},"class_list":["post-2253","page","type-page","status-publish","hentry"],"acf":[],"yoast_head":"<!-- This site is optimized with the Yoast SEO plugin v26.6 - https:\/\/yoast.com\/wordpress\/plugins\/seo\/ -->\n<title>Nos collaborateurs - EEM - Gestion ESS<\/title>\n<meta name=\"robots\" content=\"index, follow, max-snippet:-1, max-image-preview:large, max-video-preview:-1\" \/>\n<link rel=\"canonical\" href=\"https:\/\/www.eem.ca\/fr\/equipe\/collaborateurs\/\" \/>\n<script type=\"application\/ld+json\" class=\"yoast-schema-graph\">{\"@context\":\"https:\/\/schema.org\",\"@graph\":[{\"@type\":\"WebPage\",\"@id\":\"https:\/\/www.eem.ca\/fr\/equipe\/collaborateurs\/\",\"url\":\"https:\/\/www.eem.ca\/fr\/equipe\/collaborateurs\/\",\"name\":\"Nos collaborateurs - EEM - Gestion ESS\",\"isPartOf\":{\"@id\":\"https:\/\/www.eem.ca\/#website\"},\"datePublished\":\"2016-06-28T19:55:20+00:00\",\"dateModified\":\"2019-07-04T18:42:40+00:00\",\"breadcrumb\":{\"@id\":\"https:\/\/www.eem.ca\/fr\/equipe\/collaborateurs\/#breadcrumb\"},\"inLanguage\":\"fr-FR\",\"potentialAction\":[{\"@type\":\"ReadAction\",\"target\":[\"https:\/\/www.eem.ca\/fr\/equipe\/collaborateurs\/\"]}]},{\"@type\":\"BreadcrumbList\",\"@id\":\"https:\/\/www.eem.ca\/fr\/equipe\/collaborateurs\/#breadcrumb\",\"itemListElement\":[{\"@type\":\"ListItem\",\"position\":1,\"name\":\"Home\",\"item\":\"https:\/\/www.eem.ca\/fr\/\"},{\"@type\":\"ListItem\",\"position\":2,\"name\":\"\u00c9quipe\",\"item\":\"https:\/\/www.eem.ca\/fr\/equipe\/\"},{\"@type\":\"ListItem\",\"position\":3,\"name\":\"Nos collaborateurs\"}]},{\"@type\":\"WebSite\",\"@id\":\"https:\/\/www.eem.ca\/#website\",\"url\":\"https:\/\/www.eem.ca\/\",\"name\":\"EEM - Gestion ESS\",\"description\":\"EEM Gestion ESS est une firme-conseil ind\u00e9pendante qui aide ses clients \u00e0 \u00e9valuer, g\u00e9rer et am\u00e9liorer leur performance en environnement, sant\u00e9 et s\u00e9curit\u00e9.\",\"potentialAction\":[{\"@type\":\"SearchAction\",\"target\":{\"@type\":\"EntryPoint\",\"urlTemplate\":\"https:\/\/www.eem.ca\/?s={search_term_string}\"},\"query-input\":{\"@type\":\"PropertyValueSpecification\",\"valueRequired\":true,\"valueName\":\"search_term_string\"}}],\"inLanguage\":\"fr-FR\"}]}<\/script>\n<!-- \/ Yoast SEO plugin. -->","yoast_head_json":{"title":"Nos collaborateurs - EEM - Gestion ESS","robots":{"index":"index","follow":"follow","max-snippet":"max-snippet:-1","max-image-preview":"max-image-preview:large","max-video-preview":"max-video-preview:-1"},"canonical":"https:\/\/www.eem.ca\/fr\/equipe\/collaborateurs\/","schema":{"@context":"https:\/\/schema.org","@graph":[{"@type":"WebPage","@id":"https:\/\/www.eem.ca\/fr\/equipe\/collaborateurs\/","url":"https:\/\/www.eem.ca\/fr\/equipe\/collaborateurs\/","name":"Nos collaborateurs - EEM - Gestion ESS","isPartOf":{"@id":"https:\/\/www.eem.ca\/#website"},"datePublished":"2016-06-28T19:55:20+00:00","dateModified":"2019-07-04T18:42:40+00:00","breadcrumb":{"@id":"https:\/\/www.eem.ca\/fr\/equipe\/collaborateurs\/#breadcrumb"},"inLanguage":"fr-FR","potentialAction":[{"@type":"ReadAction","target":["https:\/\/www.eem.ca\/fr\/equipe\/collaborateurs\/"]}]},{"@type":"BreadcrumbList","@id":"https:\/\/www.eem.ca\/fr\/equipe\/collaborateurs\/#breadcrumb","itemListElement":[{"@type":"ListItem","position":1,"name":"Home","item":"https:\/\/www.eem.ca\/fr\/"},{"@type":"ListItem","position":2,"name":"\u00c9quipe","item":"https:\/\/www.eem.ca\/fr\/equipe\/"},{"@type":"ListItem","position":3,"name":"Nos collaborateurs"}]},{"@type":"WebSite","@id":"https:\/\/www.eem.ca\/#website","url":"https:\/\/www.eem.ca\/","name":"EEM - Gestion ESS","description":"EEM Gestion ESS est une firme-conseil ind\u00e9pendante qui aide ses clients \u00e0 \u00e9valuer, g\u00e9rer et am\u00e9liorer leur performance en environnement, sant\u00e9 et s\u00e9curit\u00e9.","potentialAction":[{"@type":"SearchAction","target":{"@type":"EntryPoint","urlTemplate":"https:\/\/www.eem.ca\/?s={search_term_string}"},"query-input":{"@type":"PropertyValueSpecification","valueRequired":true,"valueName":"search_term_string"}}],"inLanguage":"fr-FR"}]}},"_links":{"self":[{"href":"https:\/\/www.eem.ca\/fr\/wp-json\/wp\/v2\/pages\/2253","targetHints":{"allow":["GET"]}}],"collection":[{"href":"https:\/\/www.eem.ca\/fr\/wp-json\/wp\/v2\/pages"}],"about":[{"href":"https:\/\/www.eem.ca\/fr\/wp-json\/wp\/v2\/types\/page"}],"author":[{"embeddable":true,"href":"https:\/\/www.eem.ca\/fr\/wp-json\/wp\/v2\/users\/12"}],"replies":[{"embeddable":true,"href":"https:\/\/www.eem.ca\/fr\/wp-json\/wp\/v2\/comments?post=2253"}],"version-history":[{"count":0,"href":"https:\/\/www.eem.ca\/fr\/wp-json\/wp\/v2\/pages\/2253\/revisions"}],"up":[{"embeddable":true,"href":"https:\/\/www.eem.ca\/fr\/wp-json\/wp\/v2\/pages\/2372"}],"wp:attachment":[{"href":"https:\/\/www.eem.ca\/fr\/wp-json\/wp\/v2\/media?parent=2253"}],"curies":[{"name":"wp","href":"https:\/\/api.w.org\/{rel}","templated":true}]}}