{"id":2368,"date":"2016-10-17T16:48:05","date_gmt":"2016-10-17T15:48:05","guid":{"rendered":"https:\/\/www.eem.ca\/fr\/?page_id=2368"},"modified":"2016-11-14T16:21:19","modified_gmt":"2016-11-14T15:21:19","slug":"nouvelles","status":"publish","type":"page","link":"https:\/\/www.eem.ca\/fr\/nouvelles\/","title":{"rendered":"Nouvelles"},"content":{"rendered":"","protected":false},"excerpt":{"rendered":"","protected":false},"author":12,"featured_media":0,"parent":0,"menu_order":35,"comment_status":"closed","ping_status":"closed","template":"archive.php","meta":{"_acf_changed":false,"footnotes":""},"class_list":["post-2368","page","type-page","status-publish","hentry"],"acf":[],"yoast_head":"<!-- This site is optimized with the Yoast SEO plugin v26.6 - https:\/\/yoast.com\/wordpress\/plugins\/seo\/ -->\n<title>Nouvelles - EEM - Gestion ESS<\/title>\n<meta name=\"robots\" content=\"index, follow, max-snippet:-1, max-image-preview:large, max-video-preview:-1\" \/>\n<link rel=\"canonical\" href=\"https:\/\/www.eem.ca\/fr\/nouvelles\/\" \/>\n<script type=\"application\/ld+json\" class=\"yoast-schema-graph\">{\"@context\":\"https:\/\/schema.org\",\"@graph\":[{\"@type\":\"WebPage\",\"@id\":\"https:\/\/www.eem.ca\/fr\/nouvelles\/\",\"url\":\"https:\/\/www.eem.ca\/fr\/nouvelles\/\",\"name\":\"Nouvelles - EEM - Gestion ESS\",\"isPartOf\":{\"@id\":\"https:\/\/www.eem.ca\/#website\"},\"datePublished\":\"2016-10-17T15:48:05+00:00\",\"dateModified\":\"2016-11-14T15:21:19+00:00\",\"breadcrumb\":{\"@id\":\"https:\/\/www.eem.ca\/fr\/nouvelles\/#breadcrumb\"},\"inLanguage\":\"fr-FR\",\"potentialAction\":[{\"@type\":\"ReadAction\",\"target\":[\"https:\/\/www.eem.ca\/fr\/nouvelles\/\"]}]},{\"@type\":\"BreadcrumbList\",\"@id\":\"https:\/\/www.eem.ca\/fr\/nouvelles\/#breadcrumb\",\"itemListElement\":[{\"@type\":\"ListItem\",\"position\":1,\"name\":\"Home\",\"item\":\"https:\/\/www.eem.ca\/fr\/\"},{\"@type\":\"ListItem\",\"position\":2,\"name\":\"Nouvelles\"}]},{\"@type\":\"WebSite\",\"@id\":\"https:\/\/www.eem.ca\/#website\",\"url\":\"https:\/\/www.eem.ca\/\",\"name\":\"EEM - Gestion ESS\",\"description\":\"EEM Gestion ESS est une firme-conseil ind\u00e9pendante qui aide ses clients \u00e0 \u00e9valuer, g\u00e9rer et am\u00e9liorer leur performance en environnement, sant\u00e9 et s\u00e9curit\u00e9.\",\"potentialAction\":[{\"@type\":\"SearchAction\",\"target\":{\"@type\":\"EntryPoint\",\"urlTemplate\":\"https:\/\/www.eem.ca\/?s={search_term_string}\"},\"query-input\":{\"@type\":\"PropertyValueSpecification\",\"valueRequired\":true,\"valueName\":\"search_term_string\"}}],\"inLanguage\":\"fr-FR\"}]}<\/script>\n<!-- \/ Yoast SEO plugin. -->","yoast_head_json":{"title":"Nouvelles - EEM - Gestion ESS","robots":{"index":"index","follow":"follow","max-snippet":"max-snippet:-1","max-image-preview":"max-image-preview:large","max-video-preview":"max-video-preview:-1"},"canonical":"https:\/\/www.eem.ca\/fr\/nouvelles\/","schema":{"@context":"https:\/\/schema.org","@graph":[{"@type":"WebPage","@id":"https:\/\/www.eem.ca\/fr\/nouvelles\/","url":"https:\/\/www.eem.ca\/fr\/nouvelles\/","name":"Nouvelles - EEM - Gestion ESS","isPartOf":{"@id":"https:\/\/www.eem.ca\/#website"},"datePublished":"2016-10-17T15:48:05+00:00","dateModified":"2016-11-14T15:21:19+00:00","breadcrumb":{"@id":"https:\/\/www.eem.ca\/fr\/nouvelles\/#breadcrumb"},"inLanguage":"fr-FR","potentialAction":[{"@type":"ReadAction","target":["https:\/\/www.eem.ca\/fr\/nouvelles\/"]}]},{"@type":"BreadcrumbList","@id":"https:\/\/www.eem.ca\/fr\/nouvelles\/#breadcrumb","itemListElement":[{"@type":"ListItem","position":1,"name":"Home","item":"https:\/\/www.eem.ca\/fr\/"},{"@type":"ListItem","position":2,"name":"Nouvelles"}]},{"@type":"WebSite","@id":"https:\/\/www.eem.ca\/#website","url":"https:\/\/www.eem.ca\/","name":"EEM - Gestion ESS","description":"EEM Gestion ESS est une firme-conseil ind\u00e9pendante qui aide ses clients \u00e0 \u00e9valuer, g\u00e9rer et am\u00e9liorer leur performance en environnement, sant\u00e9 et s\u00e9curit\u00e9.","potentialAction":[{"@type":"SearchAction","target":{"@type":"EntryPoint","urlTemplate":"https:\/\/www.eem.ca\/?s={search_term_string}"},"query-input":{"@type":"PropertyValueSpecification","valueRequired":true,"valueName":"search_term_string"}}],"inLanguage":"fr-FR"}]}},"_links":{"self":[{"href":"https:\/\/www.eem.ca\/fr\/wp-json\/wp\/v2\/pages\/2368","targetHints":{"allow":["GET"]}}],"collection":[{"href":"https:\/\/www.eem.ca\/fr\/wp-json\/wp\/v2\/pages"}],"about":[{"href":"https:\/\/www.eem.ca\/fr\/wp-json\/wp\/v2\/types\/page"}],"author":[{"embeddable":true,"href":"https:\/\/www.eem.ca\/fr\/wp-json\/wp\/v2\/users\/12"}],"replies":[{"embeddable":true,"href":"https:\/\/www.eem.ca\/fr\/wp-json\/wp\/v2\/comments?post=2368"}],"version-history":[{"count":0,"href":"https:\/\/www.eem.ca\/fr\/wp-json\/wp\/v2\/pages\/2368\/revisions"}],"wp:attachment":[{"href":"https:\/\/www.eem.ca\/fr\/wp-json\/wp\/v2\/media?parent=2368"}],"curies":[{"name":"wp","href":"https:\/\/api.w.org\/{rel}","templated":true}]}}