{"id":2372,"date":"2016-10-17T16:50:15","date_gmt":"2016-10-17T15:50:15","guid":{"rendered":"https:\/\/www.eem.ca\/fr\/?page_id=2372"},"modified":"2023-10-01T22:58:24","modified_gmt":"2023-10-01T21:58:24","slug":"equipe","status":"publish","type":"page","link":"https:\/\/www.eem.ca\/fr\/equipe\/","title":{"rendered":"\u00c9quipe"},"content":{"rendered":"<p>Forte de plus de 30 ann\u00e9es d\u2019exp\u00e9rience, EEM a travaill\u00e9 aupr\u00e8s d\u2019une grande vari\u00e9t\u00e9 de clients sur un \u00e9ventail de projets et a r\u00e9ussi \u00e0 se doter d\u2019une \u00e9quipe d\u2019envergure. Gr\u00e2ce \u00e0 cela, EEM a acquis une expertise approfondie et vaste rarement observ\u00e9e au sein de petites firmes-conseils ind\u00e9pendantes.<\/p>\n<p>L\u2019\u00e9quipe de consultants d\u2019EEM couvre plusieurs disciplines, y compris le monde des affaires, l\u2019ing\u00e9nierie, la g\u00e9omorphologie fluviale, la gestion de projet et, bien s\u00fbr, l\u2019environnement. Avec plusieurs cordes \u00e0 notre arc, nous savons aborder un projet ou un probl\u00e8me en adoptant divers points de vue.\u00a0 Une \u00e9quipe principale de consultants bilingues dont plusieurs ma\u00eetrisent une troisi\u00e8me langue.<\/p>\n","protected":false},"excerpt":{"rendered":"<p>Forte de plus de 30 ann\u00e9es d\u2019exp\u00e9rience, EEM a travaill\u00e9 aupr\u00e8s d\u2019une grande vari\u00e9t\u00e9 de clients sur un \u00e9ventail de [&hellip;]<\/p>\n","protected":false},"author":12,"featured_media":0,"parent":0,"menu_order":13,"comment_status":"closed","ping_status":"closed","template":"archive-teammates.php","meta":{"_acf_changed":false,"footnotes":""},"class_list":["post-2372","page","type-page","status-publish","hentry"],"acf":[],"yoast_head":"<!-- This site is optimized with the Yoast SEO plugin v26.6 - https:\/\/yoast.com\/wordpress\/plugins\/seo\/ -->\n<title>\u00c9quipe - EEM - Gestion ESS<\/title>\n<meta name=\"robots\" content=\"index, follow, max-snippet:-1, max-image-preview:large, max-video-preview:-1\" \/>\n<link rel=\"canonical\" href=\"https:\/\/www.eem.ca\/fr\/equipe\/\" \/>\n<meta name=\"twitter:label1\" content=\"Dur\u00e9e de lecture estim\u00e9e\" \/>\n\t<meta name=\"twitter:data1\" content=\"1 minute\" \/>\n<script type=\"application\/ld+json\" class=\"yoast-schema-graph\">{\"@context\":\"https:\/\/schema.org\",\"@graph\":[{\"@type\":\"WebPage\",\"@id\":\"https:\/\/www.eem.ca\/fr\/equipe\/\",\"url\":\"https:\/\/www.eem.ca\/fr\/equipe\/\",\"name\":\"\u00c9quipe - EEM - Gestion ESS\",\"isPartOf\":{\"@id\":\"https:\/\/www.eem.ca\/#website\"},\"datePublished\":\"2016-10-17T15:50:15+00:00\",\"dateModified\":\"2023-10-01T21:58:24+00:00\",\"breadcrumb\":{\"@id\":\"https:\/\/www.eem.ca\/fr\/equipe\/#breadcrumb\"},\"inLanguage\":\"fr-FR\",\"potentialAction\":[{\"@type\":\"ReadAction\",\"target\":[\"https:\/\/www.eem.ca\/fr\/equipe\/\"]}]},{\"@type\":\"BreadcrumbList\",\"@id\":\"https:\/\/www.eem.ca\/fr\/equipe\/#breadcrumb\",\"itemListElement\":[{\"@type\":\"ListItem\",\"position\":1,\"name\":\"Home\",\"item\":\"https:\/\/www.eem.ca\/fr\/\"},{\"@type\":\"ListItem\",\"position\":2,\"name\":\"\u00c9quipe\"}]},{\"@type\":\"WebSite\",\"@id\":\"https:\/\/www.eem.ca\/#website\",\"url\":\"https:\/\/www.eem.ca\/\",\"name\":\"EEM - Gestion ESS\",\"description\":\"EEM Gestion ESS est une firme-conseil ind\u00e9pendante qui aide ses clients \u00e0 \u00e9valuer, g\u00e9rer et am\u00e9liorer leur performance en environnement, sant\u00e9 et s\u00e9curit\u00e9.\",\"potentialAction\":[{\"@type\":\"SearchAction\",\"target\":{\"@type\":\"EntryPoint\",\"urlTemplate\":\"https:\/\/www.eem.ca\/?s={search_term_string}\"},\"query-input\":{\"@type\":\"PropertyValueSpecification\",\"valueRequired\":true,\"valueName\":\"search_term_string\"}}],\"inLanguage\":\"fr-FR\"}]}<\/script>\n<!-- \/ Yoast SEO plugin. -->","yoast_head_json":{"title":"\u00c9quipe - EEM - Gestion ESS","robots":{"index":"index","follow":"follow","max-snippet":"max-snippet:-1","max-image-preview":"max-image-preview:large","max-video-preview":"max-video-preview:-1"},"canonical":"https:\/\/www.eem.ca\/fr\/equipe\/","twitter_misc":{"Dur\u00e9e de lecture estim\u00e9e":"1 minute"},"schema":{"@context":"https:\/\/schema.org","@graph":[{"@type":"WebPage","@id":"https:\/\/www.eem.ca\/fr\/equipe\/","url":"https:\/\/www.eem.ca\/fr\/equipe\/","name":"\u00c9quipe - EEM - Gestion ESS","isPartOf":{"@id":"https:\/\/www.eem.ca\/#website"},"datePublished":"2016-10-17T15:50:15+00:00","dateModified":"2023-10-01T21:58:24+00:00","breadcrumb":{"@id":"https:\/\/www.eem.ca\/fr\/equipe\/#breadcrumb"},"inLanguage":"fr-FR","potentialAction":[{"@type":"ReadAction","target":["https:\/\/www.eem.ca\/fr\/equipe\/"]}]},{"@type":"BreadcrumbList","@id":"https:\/\/www.eem.ca\/fr\/equipe\/#breadcrumb","itemListElement":[{"@type":"ListItem","position":1,"name":"Home","item":"https:\/\/www.eem.ca\/fr\/"},{"@type":"ListItem","position":2,"name":"\u00c9quipe"}]},{"@type":"WebSite","@id":"https:\/\/www.eem.ca\/#website","url":"https:\/\/www.eem.ca\/","name":"EEM - Gestion ESS","description":"EEM Gestion ESS est une firme-conseil ind\u00e9pendante qui aide ses clients \u00e0 \u00e9valuer, g\u00e9rer et am\u00e9liorer leur performance en environnement, sant\u00e9 et s\u00e9curit\u00e9.","potentialAction":[{"@type":"SearchAction","target":{"@type":"EntryPoint","urlTemplate":"https:\/\/www.eem.ca\/?s={search_term_string}"},"query-input":{"@type":"PropertyValueSpecification","valueRequired":true,"valueName":"search_term_string"}}],"inLanguage":"fr-FR"}]}},"_links":{"self":[{"href":"https:\/\/www.eem.ca\/fr\/wp-json\/wp\/v2\/pages\/2372","targetHints":{"allow":["GET"]}}],"collection":[{"href":"https:\/\/www.eem.ca\/fr\/wp-json\/wp\/v2\/pages"}],"about":[{"href":"https:\/\/www.eem.ca\/fr\/wp-json\/wp\/v2\/types\/page"}],"author":[{"embeddable":true,"href":"https:\/\/www.eem.ca\/fr\/wp-json\/wp\/v2\/users\/12"}],"replies":[{"embeddable":true,"href":"https:\/\/www.eem.ca\/fr\/wp-json\/wp\/v2\/comments?post=2372"}],"version-history":[{"count":0,"href":"https:\/\/www.eem.ca\/fr\/wp-json\/wp\/v2\/pages\/2372\/revisions"}],"wp:attachment":[{"href":"https:\/\/www.eem.ca\/fr\/wp-json\/wp\/v2\/media?parent=2372"}],"curies":[{"name":"wp","href":"https:\/\/api.w.org\/{rel}","templated":true}]}}